{"id":100,"date":"2020-11-22T13:59:40","date_gmt":"2020-11-22T13:59:40","guid":{"rendered":"https:\/\/ei-mit-bei.ch\/?page_id=100"},"modified":"2020-12-24T09:39:13","modified_gmt":"2020-12-24T09:39:13","slug":"homepage","status":"publish","type":"page","link":"https:\/\/ei-mit-bei.ch\/","title":{"rendered":"eimitbei.ch"},"content":{"rendered":"<h2 class=\"has-text-align-center wp-block-heading\">unser Angebot<\/h2><div data-block-name=\"woocommerce\/product-new\" class=\"wc-block-grid wp-block-product-new wc-block-product-new has-3-columns has-multiple-rows\"><ul class=\"wc-block-grid__products\"><li class=\"wc-block-grid__product\">\n\t\t\t\t<a href=\"https:\/\/ei-mit-bei.ch\/?product=das-bio-ei-im-abo\" class=\"wc-block-grid__product-link\">\n\t\t\t\t\t\n\t\t\t\t\t<div class=\"wc-block-grid__product-image\"><img loading=\"lazy\" decoding=\"async\" width=\"250\" height=\"250\" src=\"https:\/\/ei-mit-bei.ch\/wp-content\/uploads\/2020\/08\/6er-Schachtel-250x250.jpg\" class=\"attachment-woocommerce_thumbnail size-woocommerce_thumbnail\" alt=\"Das Bio Ei im ABO\" srcset=\"https:\/\/ei-mit-bei.ch\/wp-content\/uploads\/2020\/08\/6er-Schachtel-250x250.jpg 250w, https:\/\/ei-mit-bei.ch\/wp-content\/uploads\/2020\/08\/6er-Schachtel-150x150.jpg 150w, https:\/\/ei-mit-bei.ch\/wp-content\/uploads\/2020\/08\/6er-Schachtel-100x100.jpg 100w\" sizes=\"100vw\" \/><\/div>\n\t\t\t\t\t<div class=\"wc-block-grid__product-title\">Das Bio Ei im ABO<\/div>\n\t\t\t\t<\/a>\n\t\t\t\t<div class=\"wc-block-grid__product-price price\"><span class=\"woocommerce-Price-amount amount\"><span class=\"woocommerce-Price-currencySymbol\">&#067;&#072;&#070;<\/span>6.90<\/span><\/div>\n\t\t\t\t\n\t\t\t\t<div class=\"wp-block-button wc-block-grid__product-add-to-cart\"><a href=\"https:\/\/ei-mit-bei.ch\/?product=das-bio-ei-im-abo\" aria-label=\"W\u00e4hle Optionen f\u00fcr \u201eDas Bio Ei im ABO\u201c\" data-quantity=\"1\" data-product_id=\"103\" data-product_sku=\"\" data-price=\"6.9\" rel=\"nofollow\" class=\"wp-block-button__link  add_to_cart_button\">Ausf\u00fchrung w\u00e4hlen<\/a><\/div>\n\t\t\t<\/li><li class=\"wc-block-grid__product\">\n\t\t\t\t<a href=\"https:\/\/ei-mit-bei.ch\/?product=6-stk-eier\" class=\"wc-block-grid__product-link\">\n\t\t\t\t\t\n\t\t\t\t\t<div class=\"wc-block-grid__product-image\"><img loading=\"lazy\" decoding=\"async\" width=\"250\" height=\"250\" src=\"https:\/\/ei-mit-bei.ch\/wp-content\/uploads\/2020\/08\/6er-Schachtel-250x250.jpg\" class=\"attachment-woocommerce_thumbnail size-woocommerce_thumbnail\" alt=\"6 BIO Eier &amp; Rezept\" srcset=\"https:\/\/ei-mit-bei.ch\/wp-content\/uploads\/2020\/08\/6er-Schachtel-250x250.jpg 250w, https:\/\/ei-mit-bei.ch\/wp-content\/uploads\/2020\/08\/6er-Schachtel-150x150.jpg 150w, https:\/\/ei-mit-bei.ch\/wp-content\/uploads\/2020\/08\/6er-Schachtel-100x100.jpg 100w\" sizes=\"100vw\" \/><\/div>\n\t\t\t\t\t<div class=\"wc-block-grid__product-title\">6 BIO Eier &amp; Rezept<\/div>\n\t\t\t\t<\/a>\n\t\t\t\t<div class=\"wc-block-grid__product-price price\"><span class=\"woocommerce-Price-amount amount\"><span class=\"woocommerce-Price-currencySymbol\">&#067;&#072;&#070;<\/span>6.90<\/span><\/div>\n\t\t\t\t\n\t\t\t\t<div class=\"wp-block-button wc-block-grid__product-add-to-cart\"><a href=\"?add-to-cart=93\" aria-label=\"In den Warenkorb legen: \u201e6 BIO Eier &amp; Rezept\u201c\" data-quantity=\"1\" data-product_id=\"93\" data-product_sku=\"\" data-price=\"6.9\" rel=\"nofollow\" class=\"wp-block-button__link  add_to_cart_button ajax_add_to_cart\">In den Warenkorb<\/a><\/div>\n\t\t\t<\/li><li class=\"wc-block-grid__product\">\n\t\t\t\t<a href=\"https:\/\/ei-mit-bei.ch\/?product=10-bio-eier\" class=\"wc-block-grid__product-link\">\n\t\t\t\t\t\n\t\t\t\t\t<div class=\"wc-block-grid__product-image\"><img loading=\"lazy\" decoding=\"async\" width=\"250\" height=\"250\" src=\"https:\/\/ei-mit-bei.ch\/wp-content\/uploads\/2020\/08\/10-eier-einem-kasten-3499762-250x250.jpg\" class=\"attachment-woocommerce_thumbnail size-woocommerce_thumbnail\" alt=\"10 Bio Eier\" srcset=\"https:\/\/ei-mit-bei.ch\/wp-content\/uploads\/2020\/08\/10-eier-einem-kasten-3499762-250x250.jpg 250w, https:\/\/ei-mit-bei.ch\/wp-content\/uploads\/2020\/08\/10-eier-einem-kasten-3499762-150x150.jpg 150w, https:\/\/ei-mit-bei.ch\/wp-content\/uploads\/2020\/08\/10-eier-einem-kasten-3499762-100x100.jpg 100w\" sizes=\"100vw\" \/><\/div>\n\t\t\t\t\t<div class=\"wc-block-grid__product-title\">10 Bio Eier &amp; Rezept<\/div>\n\t\t\t\t<\/a>\n\t\t\t\t<div class=\"wc-block-grid__product-price price\"><span class=\"woocommerce-Price-amount amount\"><span class=\"woocommerce-Price-currencySymbol\">&#067;&#072;&#070;<\/span>9.90<\/span><\/div>\n\t\t\t\t\n\t\t\t\t<div class=\"wp-block-button wc-block-grid__product-add-to-cart\"><a href=\"?add-to-cart=51\" aria-label=\"In den Warenkorb legen: \u201e10 Bio Eier &amp; Rezept\u201c\" data-quantity=\"1\" data-product_id=\"51\" data-product_sku=\"\" data-price=\"9.9\" rel=\"nofollow\" class=\"wp-block-button__link  add_to_cart_button ajax_add_to_cart\">In den Warenkorb<\/a><\/div>\n\t\t\t<\/li><\/ul><\/div><div class=\"wp-block-media-text alignwide has-media-on-the-right\" style=\"grid-template-columns:auto 48%\"><figure class=\"wp-block-media-text__media\"><img loading=\"lazy\" decoding=\"async\" width=\"1024\" height=\"721\" src=\"https:\/\/ei-mit-bei.ch\/wp-content\/uploads\/2020\/11\/Eierbaguette-1024x721.png\" alt=\"\" class=\"wp-image-118 size-full\" srcset=\"https:\/\/ei-mit-bei.ch\/wp-content\/uploads\/2020\/11\/Eierbaguette-1024x721.png 1024w, https:\/\/ei-mit-bei.ch\/wp-content\/uploads\/2020\/11\/Eierbaguette-300x211.png 300w, https:\/\/ei-mit-bei.ch\/wp-content\/uploads\/2020\/11\/Eierbaguette-768x541.png 768w, https:\/\/ei-mit-bei.ch\/wp-content\/uploads\/2020\/11\/Eierbaguette-350x246.png 350w, https:\/\/ei-mit-bei.ch\/wp-content\/uploads\/2020\/11\/Eierbaguette.png 1537w\" sizes=\"(max-width: 706px) 89vw, (max-width: 767px) 82vw, 740px\" \/><\/figure><div class=\"wp-block-media-text__content\"><p class=\"has-large-font-size\">Rezept No.3<\/p><\/div><\/div><div class=\"wp-block-media-text alignwide\"><figure class=\"wp-block-media-text__media\"><img loading=\"lazy\" decoding=\"async\" width=\"1024\" height=\"768\" src=\"https:\/\/ei-mit-bei.ch\/wp-content\/uploads\/2020\/11\/avocado-mit-lachs-und-eiern-656000-1024x768.jpg\" alt=\"\" class=\"wp-image-119 size-full\" srcset=\"https:\/\/ei-mit-bei.ch\/wp-content\/uploads\/2020\/11\/avocado-mit-lachs-und-eiern-656000-1024x768.jpg 1024w, https:\/\/ei-mit-bei.ch\/wp-content\/uploads\/2020\/11\/avocado-mit-lachs-und-eiern-656000-300x225.jpg 300w, https:\/\/ei-mit-bei.ch\/wp-content\/uploads\/2020\/11\/avocado-mit-lachs-und-eiern-656000-768x576.jpg 768w, https:\/\/ei-mit-bei.ch\/wp-content\/uploads\/2020\/11\/avocado-mit-lachs-und-eiern-656000-1536x1152.jpg 1536w, https:\/\/ei-mit-bei.ch\/wp-content\/uploads\/2020\/11\/avocado-mit-lachs-und-eiern-656000-2048x1536.jpg 2048w, https:\/\/ei-mit-bei.ch\/wp-content\/uploads\/2020\/11\/avocado-mit-lachs-und-eiern-656000-350x263.jpg 350w\" sizes=\"(max-width: 706px) 89vw, (max-width: 767px) 82vw, 740px\" \/><\/figure><div class=\"wp-block-media-text__content\"><p class=\"has-large-font-size\">Rezept No.4<\/p><\/div><\/div><div class=\"wp-block-media-text alignwide has-media-on-the-right\" style=\"grid-template-columns:auto 44%\"><figure class=\"wp-block-media-text__media\"><img loading=\"lazy\" decoding=\"async\" width=\"800\" height=\"427\" src=\"https:\/\/ei-mit-bei.ch\/wp-content\/uploads\/2020\/11\/t_uh_nha_maennliche_kueken_4_wiese.jpg\" alt=\"\" class=\"wp-image-123 size-full\" srcset=\"https:\/\/ei-mit-bei.ch\/wp-content\/uploads\/2020\/11\/t_uh_nha_maennliche_kueken_4_wiese.jpg 800w, https:\/\/ei-mit-bei.ch\/wp-content\/uploads\/2020\/11\/t_uh_nha_maennliche_kueken_4_wiese-300x160.jpg 300w, https:\/\/ei-mit-bei.ch\/wp-content\/uploads\/2020\/11\/t_uh_nha_maennliche_kueken_4_wiese-768x410.jpg 768w, https:\/\/ei-mit-bei.ch\/wp-content\/uploads\/2020\/11\/t_uh_nha_maennliche_kueken_4_wiese-350x187.jpg 350w\" sizes=\"(max-width: 706px) 89vw, (max-width: 767px) 82vw, 740px\" \/><\/figure><div class=\"wp-block-media-text__content\"><p class=\"has-large-font-size\">Unsere besten Mitarbeiter<\/p><\/div><\/div><div data-block-name=\"woocommerce\/featured-product\" data-dim-ratio=\"10\" data-edit-mode=\"false\" data-media-id=\"120\" data-media-src=\"https:\/\/ei-mit-bei.ch\/wp-content\/uploads\/2020\/11\/3.bild_.jpg\" data-overlay-color=\"black\" data-product-id=\"103\" class=\"wc-block-featured-product alignnone has-background-dim has-background-dim-10 wp-block-woocommerce-featured-product\" style=\"min-height:500px;\"><div class=\"wc-block-featured-product__wrapper\"><div class=\"background-dim__overlay\" style=\"background-color: black\"><\/div><img decoding=\"async\" alt=\"Das Bio Ei im ABO\" class=\"wc-block-featured-product__background-image\" src=\"https:\/\/ei-mit-bei.ch\/wp-content\/uploads\/2020\/11\/3.bild_-1024x576.jpg\" style=\"object-fit: none;object-position: 50% 50%;\" \/><h2 class=\"wc-block-featured-product__title\">Das Bio Ei im ABO<\/h2><div class=\"wc-block-featured-product__description\"><p>Bio Eier direkt vom Bio-Hof zu Dir nach Hause im <strong>ABO!<\/strong> Bitte w\u00e4hle unten wie oft Du eine Lieferung erhalten m\u00f6chtest! Das Abo ist jeder Zeit K\u00fcndbar und hat keine Mindestlaufzeit. Die Abbuchung findet jeweils kurz vor der Auslieferung statt.<\/p>\n<\/div><div class=\"wc-block-featured-product__price\"><span class=\"woocommerce-Price-amount amount\"><span class=\"woocommerce-Price-currencySymbol\">&#067;&#072;&#070;<\/span>6.90<\/span><\/div><div class=\"wc-block-featured-product__link\">\n<div class=\"wp-block-button aligncenter\"><a class=\"wp-block-button__link\" href=\"https:\/\/ei-mit-bei.ch\/?product=das-bio-ei-im-abo\">Jetzt einkaufen<\/a><\/div>\n<\/div><\/div><\/div>","protected":false},"excerpt":{"rendered":"<p>unser Angebot Rezept No.3 Rezept No.4 Unsere besten Mitarbeiter<\/p>\n","protected":false},"author":1,"featured_media":118,"parent":0,"menu_order":0,"comment_status":"closed","ping_status":"closed","template":"","meta":{"footnotes":""},"jetpack_sharing_enabled":true,"_links":{"self":[{"href":"https:\/\/ei-mit-bei.ch\/index.php?rest_route=\/wp\/v2\/pages\/100"}],"collection":[{"href":"https:\/\/ei-mit-bei.ch\/index.php?rest_route=\/wp\/v2\/pages"}],"about":[{"href":"https:\/\/ei-mit-bei.ch\/index.php?rest_route=\/wp\/v2\/types\/page"}],"author":[{"embeddable":true,"href":"https:\/\/ei-mit-bei.ch\/index.php?rest_route=\/wp\/v2\/users\/1"}],"replies":[{"embeddable":true,"href":"https:\/\/ei-mit-bei.ch\/index.php?rest_route=%2Fwp%2Fv2%2Fcomments&post=100"}],"version-history":[{"count":7,"href":"https:\/\/ei-mit-bei.ch\/index.php?rest_route=\/wp\/v2\/pages\/100\/revisions"}],"predecessor-version":[{"id":128,"href":"https:\/\/ei-mit-bei.ch\/index.php?rest_route=\/wp\/v2\/pages\/100\/revisions\/128"}],"wp:featuredmedia":[{"embeddable":true,"href":"https:\/\/ei-mit-bei.ch\/index.php?rest_route=\/wp\/v2\/media\/118"}],"wp:attachment":[{"href":"https:\/\/ei-mit-bei.ch\/index.php?rest_route=%2Fwp%2Fv2%2Fmedia&parent=100"}],"curies":[{"name":"wp","href":"https:\/\/api.w.org\/{rel}","templated":true}]}}