{"id":3,"date":"2020-07-17T13:51:01","date_gmt":"2020-07-17T13:51:01","guid":{"rendered":"https:\/\/ei-mit-bei.ch\/?page_id=3"},"modified":"2021-04-14T20:24:09","modified_gmt":"2021-04-14T20:24:09","slug":"privacy-policy","status":"publish","type":"page","link":"https:\/\/ei-mit-bei.ch\/?page_id=3","title":{"rendered":"AGB"},"content":{"rendered":"<p>Allgemeine Gesch\u00e4ftsbedingungen (AGB)<br>\u00a7 1 Verwender<br>Als Verwender dieser AGB gilt:<\/p><p>eimitbei.ch <br>Raphael Bamert<br>Hauptstrasse 1<br>9515 Hosenruck<br>Registernummer:-<\/p><p>\u00a7 2 Geltungsbereich<br>Diese Allgemeinen Gesch\u00e4ftsbedingungen gelten f\u00fcr alle Rechtsgesch\u00e4fte zwischen dem Verwender und einem Verbraucher (Gem\u00e4\u00df \u00a7 13 BGB einer \u201enat\u00fcrlichen Person, die ein Rechtsgesch\u00e4ft zu Zwecken abschliesst, die \u00fcberwiegend weder ihrer gewerblichen noch ihrer selbst\u00e4ndigen beruflichen T\u00e4tigkeit zugerechnet werden k\u00f6nnen\u201c).<\/p><p>\u00a7 3 Vertragsschluss und Speicherung des Vertragstextes<br>Die Bestimmungen dieser AGB gelten f\u00fcr Bestellungen, welche Verbraucher \u00fcber die Website www.eimitbei.ch des Onlineshops eimitbei.ch abschliessen.<\/p><p>Der Vertrag kommt mit dem Verwender (siehe \u00a7 1) zustande.<\/p><p>Die Vorstellung und Beschreibung der Waren auf der Internetseite von eimitbei.ch www.eimitbei.ch stellt kein Vertragsangebot dar.<\/p><p>Mit der Bestellung einer Ware durch einen Klick auf den Button \u201ekostenpflichtig bestellen\u201c am Ende des Bestellvorgangs gibt ein Verbraucher ein verbindliches Angebot auf einen Kaufvertragsabschluss ab. Erst mit dem Versand einer Auftragsbest\u00e4tigung per E-Mail durch den Verwender kommt der Vertragsschluss zustande.<\/p><p>Der Vertragstext wird bei Bestellungen gespeichert. Verbraucher erhalten eine E-Mail mit den Bestelldaten und den geltenden AGB. Nach Vertragsschluss sind die Bestelldaten nicht mehr online einsehbar.<\/p><p>\u00a7 4 Zahlung<br>Die gesetzliche Umsatzsteuer sowie weitere Preisbestandteile sind in den angegebenen Preisen inbegriffen. Versandkosten sind nicht im angezeigten Preis enthalten und k\u00f6nnen ggf. zus\u00e4tzlich anfallen.<br>Verbrauchern stehen folgende Zahlungsoptionen zur Verf\u00fcgung:<\/p><p>Kreditkarte<br>\u00dcberweisung<br>Nachnahme (per Rechnung)<\/p><p>\u00a7 5 Lieferung, Lieferungsbeschr\u00e4nkungen<br>Die Lieferung erfolgt \u2013 sofern die Beschreibung eines gew\u00e4hlten Produkts nicht explizit Abweichendes festlegt \u2013 innerhalb von 7 Werktagen.<br>Diese Frist beginnt im Falle der Zahlung via \u00dcberweisung oder Paypal am Tag nach Erteilung des Zahlungsauftrages zu laufen.<\/p><p>\u00a7 6 Gefahren\u00fcbergang<br>Das Risiko einer zuf\u00e4lligen Verschlechterung oder einem zuf\u00e4lligen Verlust der Ware liegt bis zur \u00dcbergabe der Ware beim Verwender und geht es mit der \u00dcbergabe auf den Verbraucher \u00fcber.<\/p><p>\u00a7 7 Eigentumsvorbehalt<br>Bis zum vollst\u00e4ndigen Empfang des Kaufpreises beh\u00e4lt sich der Verwender das Eigentum an der Ware vor.<\/p><p>\u00a7 8 Gew\u00e4hrleistung<br>Die gesetzlichen Gew\u00e4hrleistungsregelungen gelten.<\/p><h2 class=\"wp-block-heading\">Who we are<\/h2><p>Our website address is: https:\/\/ei-mit-bei.ch<\/p><h2 class=\"wp-block-heading\">What personal data we collect and why we collect it<\/h2><h3 class=\"wp-block-heading\">Comments<\/h3><p>When visitors leave comments on the site we collect the data shown in the comments form, and also the visitor\u2019s IP address and browser user agent string to help spam detection.<\/p><p>An anonymized string created from your email address (also called a hash) may be provided to the Gravatar service to see if you are using it. The Gravatar service privacy policy is available here: https:\/\/automattic.com\/privacy\/. After approval of your comment, your profile picture is visible to the public in the context of your comment.<\/p><h3 class=\"wp-block-heading\">Media<\/h3><p>If you upload images to the website, you should avoid uploading images with embedded location data (EXIF GPS) included. Visitors to the website can download and extract any location data from images on the website.<\/p><h3 class=\"wp-block-heading\">Contact forms<\/h3><h3 class=\"wp-block-heading\">Cookies<\/h3><p>If you leave a comment on our site you may opt-in to saving your name, email address and website in cookies. These are for your convenience so that you do not have to fill in your details again when you leave another comment. These cookies will last for one year.<\/p><p>If you visit our login page, we will set a temporary cookie to determine if your browser accepts cookies. This cookie contains no personal data and is discarded when you close your browser.<\/p><p>When you log in, we will also set up several cookies to save your login information and your screen display choices. Login cookies last for two days, and screen options cookies last for a year. If you select &#8222;Remember Me&#8220;, your login will persist for two weeks. If you log out of your account, the login cookies will be removed.<\/p><p>If you edit or publish an article, an additional cookie will be saved in your browser. This cookie includes no personal data and simply indicates the post ID of the article you just edited. It expires after 1 day.<\/p><h3 class=\"wp-block-heading\">Embedded content from other websites<\/h3><p>Articles on this site may include embedded content (e.g. videos, images, articles, etc.). Embedded content from other websites behaves in the exact same way as if the visitor has visited the other website.<\/p><p>These websites may collect data about you, use cookies, embed additional third-party tracking, and monitor your interaction with that embedded content, including tracking your interaction with the embedded content if you have an account and are logged in to that website.<\/p><h3 class=\"wp-block-heading\">Analytics<\/h3><h2 class=\"wp-block-heading\">Who we share your data with<\/h2><h2 class=\"wp-block-heading\">How long we retain your data<\/h2><p>If you leave a comment, the comment and its metadata are retained indefinitely. This is so we can recognize and approve any follow-up comments automatically instead of holding them in a moderation queue.<\/p><p>For users that register on our website (if any), we also store the personal information they provide in their user profile. All users can see, edit, or delete their personal information at any time (except they cannot change their username). Website administrators can also see and edit that information.<\/p><h2 class=\"wp-block-heading\">What rights you have over your data<\/h2><p>If you have an account on this site, or have left comments, you can request to receive an exported file of the personal data we hold about you, including any data you have provided to us. You can also request that we erase any personal data we hold about you. This does not include any data we are obliged to keep for administrative, legal, or security purposes.<\/p><h2 class=\"wp-block-heading\">Where we send your data<\/h2><p>Visitor comments may be checked through an automated spam detection service.<\/p><h2 class=\"wp-block-heading\">Your contact information<\/h2><h2 class=\"wp-block-heading\">Additional information<\/h2><h3 class=\"wp-block-heading\">How we protect your data<\/h3><h3 class=\"wp-block-heading\">What data breach procedures we have in place<\/h3><h3 class=\"wp-block-heading\">What third parties we receive data from<\/h3><h3 class=\"wp-block-heading\">What automated decision making and\/or profiling we do with user data<\/h3><h3 class=\"wp-block-heading\">Industry regulatory disclosure requirements<\/h3>","protected":false},"excerpt":{"rendered":"<p>Allgemeine Gesch\u00e4ftsbedingungen (AGB)\u00a7 1 VerwenderAls Verwender dieser AGB gilt: eimitbei.ch Raphael BamertHauptstrasse 19515 HosenruckRegisternummer:- \u00a7 2 GeltungsbereichDiese Allgemeinen Gesch\u00e4ftsbedingungen gelten f\u00fcr alle Rechtsgesch\u00e4fte zwischen dem Verwender und einem Verbraucher (Gem\u00e4\u00df \u00a7 13 BGB einer \u201enat\u00fcrlichen Person, die ein Rechtsgesch\u00e4ft zu Zwecken abschliesst, die \u00fcberwiegend weder ihrer gewerblichen noch ihrer selbst\u00e4ndigen beruflichen T\u00e4tigkeit zugerechnet werden k\u00f6nnen\u201c). &hellip; <\/p>\n<p class=\"link-more\"><a href=\"https:\/\/ei-mit-bei.ch\/?page_id=3\" class=\"more-link\"><span class=\"screen-reader-text\">\u201eAGB\u201c<\/span> weiterlesen<\/a><\/p>\n","protected":false},"author":1,"featured_media":0,"parent":0,"menu_order":0,"comment_status":"closed","ping_status":"closed","template":"","meta":{"footnotes":""},"jetpack_sharing_enabled":true,"_links":{"self":[{"href":"https:\/\/ei-mit-bei.ch\/index.php?rest_route=\/wp\/v2\/pages\/3"}],"collection":[{"href":"https:\/\/ei-mit-bei.ch\/index.php?rest_route=\/wp\/v2\/pages"}],"about":[{"href":"https:\/\/ei-mit-bei.ch\/index.php?rest_route=\/wp\/v2\/types\/page"}],"author":[{"embeddable":true,"href":"https:\/\/ei-mit-bei.ch\/index.php?rest_route=\/wp\/v2\/users\/1"}],"replies":[{"embeddable":true,"href":"https:\/\/ei-mit-bei.ch\/index.php?rest_route=%2Fwp%2Fv2%2Fcomments&post=3"}],"version-history":[{"count":1,"href":"https:\/\/ei-mit-bei.ch\/index.php?rest_route=\/wp\/v2\/pages\/3\/revisions"}],"predecessor-version":[{"id":140,"href":"https:\/\/ei-mit-bei.ch\/index.php?rest_route=\/wp\/v2\/pages\/3\/revisions\/140"}],"wp:attachment":[{"href":"https:\/\/ei-mit-bei.ch\/index.php?rest_route=%2Fwp%2Fv2%2Fmedia&parent=3"}],"curies":[{"name":"wp","href":"https:\/\/api.w.org\/{rel}","templated":true}]}}