{"id":103,"date":"2020-11-22T14:21:23","date_gmt":"2020-11-22T14:21:23","guid":{"rendered":"https:\/\/ei-mit-bei.ch\/?post_type=product&#038;p=103"},"modified":"2021-04-14T19:34:33","modified_gmt":"2021-04-14T19:34:33","slug":"das-bio-ei-im-abo","status":"publish","type":"product","link":"https:\/\/ei-mit-bei.ch\/?product=das-bio-ei-im-abo","title":{"rendered":"Das Bio Ei im ABO"},"content":{"rendered":"<p>Bio Eier direkt vom Bio-Hof zu Dir nach Hause im <strong>ABO!<\/strong> Bitte w\u00e4hle unten wie oft Du eine Lieferung erhalten m\u00f6chtest! Das Abo ist jeder Zeit K\u00fcndbar und hat keine Mindestlaufzeit. Die Abbuchung findet jeweils kurz vor der Auslieferung statt.<\/p>\n<p>&nbsp;<\/p>\n","protected":false},"excerpt":{"rendered":"<p>Bio Eier direkt vom Bio-Hof zu Dir nach Hause im <strong>ABO!<\/strong> Bitte w\u00e4hle unten wie oft Du eine Lieferung erhalten m\u00f6chtest! Das Abo ist jeder Zeit K\u00fcndbar und hat keine Mindestlaufzeit. Die Abbuchung findet jeweils kurz vor der Auslieferung statt.<\/p>\n","protected":false},"featured_media":94,"comment_status":"open","ping_status":"closed","template":"","meta":[],"product_cat":[18],"product_tag":[21,19,23,20,22],"jetpack_sharing_enabled":true,"_links":{"self":[{"href":"https:\/\/ei-mit-bei.ch\/index.php?rest_route=\/wp\/v2\/product\/103"}],"collection":[{"href":"https:\/\/ei-mit-bei.ch\/index.php?rest_route=\/wp\/v2\/product"}],"about":[{"href":"https:\/\/ei-mit-bei.ch\/index.php?rest_route=\/wp\/v2\/types\/product"}],"replies":[{"embeddable":true,"href":"https:\/\/ei-mit-bei.ch\/index.php?rest_route=%2Fwp%2Fv2%2Fcomments&post=103"}],"wp:featuredmedia":[{"embeddable":true,"href":"https:\/\/ei-mit-bei.ch\/index.php?rest_route=\/wp\/v2\/media\/94"}],"wp:attachment":[{"href":"https:\/\/ei-mit-bei.ch\/index.php?rest_route=%2Fwp%2Fv2%2Fmedia&parent=103"}],"wp:term":[{"taxonomy":"product_cat","embeddable":true,"href":"https:\/\/ei-mit-bei.ch\/index.php?rest_route=%2Fwp%2Fv2%2Fproduct_cat&post=103"},{"taxonomy":"product_tag","embeddable":true,"href":"https:\/\/ei-mit-bei.ch\/index.php?rest_route=%2Fwp%2Fv2%2Fproduct_tag&post=103"}],"curies":[{"name":"wp","href":"https:\/\/api.w.org\/{rel}","templated":true}]}}